{"id":48,"date":"2025-12-12T13:35:35","date_gmt":"2025-12-12T13:35:35","guid":{"rendered":"https:\/\/arnozhao.com\/?page_id=48"},"modified":"2026-02-24T16:02:46","modified_gmt":"2026-02-24T16:02:46","slug":"menu-principal","status":"publish","type":"page","link":"https:\/\/arnozhao.com\/index.php\/menu-principal\/","title":{"rendered":"MENU PRINCIPAL"},"content":{"rendered":"\n<div class=\"wp-block-columns alignwide is-layout-flex wp-container-core-columns-is-layout-28f84493 wp-block-columns-is-layout-flex\">\n<div class=\"wp-block-column is-layout-flow wp-block-column-is-layout-flow\" style=\"flex-basis:33.34%\">\n<figure class=\"wp-block-image aligncenter size-full is-resized\"><a href=\"https:\/\/arnozhao.com\/index.php\/traces\/\"><img loading=\"lazy\" decoding=\"async\" width=\"340\" height=\"340\" src=\"http:\/\/arnozhao.com\/wp-content\/uploads\/2026\/02\/logosite-categorie-A-2.1-lt-1.png\" alt=\"\" class=\"wp-image-1619\" style=\"width:125px\" srcset=\"https:\/\/arnozhao.com\/wp-content\/uploads\/2026\/02\/logosite-categorie-A-2.1-lt-1.png 340w, https:\/\/arnozhao.com\/wp-content\/uploads\/2026\/02\/logosite-categorie-A-2.1-lt-1-300x300.png 300w, https:\/\/arnozhao.com\/wp-content\/uploads\/2026\/02\/logosite-categorie-A-2.1-lt-1-150x150.png 150w\" sizes=\"auto, (max-width: 340px) 100vw, 340px\" \/><\/a><\/figure>\n<\/div>\n\n\n\n<div class=\"wp-block-column is-layout-flow wp-block-column-is-layout-flow\" style=\"flex-basis:33.34%\">\n<figure class=\"wp-block-image aligncenter size-full is-resized\"><a href=\"https:\/\/arnozhao.com\/index.php\/cadres\/\"><img loading=\"lazy\" decoding=\"async\" width=\"340\" height=\"340\" src=\"http:\/\/arnozhao.com\/wp-content\/uploads\/2026\/02\/logosite-categorie-B-2.1-lt.png\" alt=\"\" class=\"wp-image-1631\" style=\"width:125px\" srcset=\"https:\/\/arnozhao.com\/wp-content\/uploads\/2026\/02\/logosite-categorie-B-2.1-lt.png 340w, https:\/\/arnozhao.com\/wp-content\/uploads\/2026\/02\/logosite-categorie-B-2.1-lt-300x300.png 300w, https:\/\/arnozhao.com\/wp-content\/uploads\/2026\/02\/logosite-categorie-B-2.1-lt-150x150.png 150w\" sizes=\"auto, (max-width: 340px) 100vw, 340px\" \/><\/a><\/figure>\n<\/div>\n\n\n\n<div class=\"wp-block-column is-layout-flow wp-block-column-is-layout-flow\" style=\"flex-basis:33.33%\">\n<figure class=\"wp-block-image aligncenter size-full is-resized\"><a href=\"https:\/\/arnozhao.com\/index.php\/systemes\/\"><img loading=\"lazy\" decoding=\"async\" width=\"340\" height=\"340\" src=\"http:\/\/arnozhao.com\/wp-content\/uploads\/2026\/02\/logosite-categorie-C-2.1-lt.png\" alt=\"\" class=\"wp-image-1630\" style=\"width:125px\" srcset=\"https:\/\/arnozhao.com\/wp-content\/uploads\/2026\/02\/logosite-categorie-C-2.1-lt.png 340w, https:\/\/arnozhao.com\/wp-content\/uploads\/2026\/02\/logosite-categorie-C-2.1-lt-300x300.png 300w, https:\/\/arnozhao.com\/wp-content\/uploads\/2026\/02\/logosite-categorie-C-2.1-lt-150x150.png 150w\" sizes=\"auto, (max-width: 340px) 100vw, 340px\" \/><\/a><\/figure>\n<\/div>\n<\/div>\n\n\n\n<div style=\"height:100px\" aria-hidden=\"true\" class=\"wp-block-spacer\"><\/div>\n\n\n\n<div class=\"wp-block-columns alignwide is-layout-flex wp-container-core-columns-is-layout-28f84493 wp-block-columns-is-layout-flex\">\n<div class=\"wp-block-column is-layout-flow wp-block-column-is-layout-flow\">\n<pre class=\"wp-block-preformatted has-medium-font-size\">(TRACES)<\/pre>\n\n\n\n<pre class=\"wp-block-preformatted has-small-font-size\">Je suis Arno Zhao, artiste plasticien et vid\u00e9aste transdisciplinaire. Sous mes traits europ\u00e9ens, et bien que je ne sois chinois qu\u2019\u00e0 moiti\u00e9, j\u2019ai en partie grandi en Mandchourie, o\u00f9 j\u2019ai d\u2019abord \u00e9crit en mandarin avant le fran\u00e7ais. Cette \u00e9criture premi\u00e8re, a ancr\u00e9 en moi la fascination pour les signes et les langages graphiques.<br>Mon pseudonyme, Zhao, est le nom mandarin de ma m\u00e8re, et est un hommage \u00e0 cette part de moi que je porte comme un secret.<br><br>Mon travail puise dans une Chine \u00e0 la fois r\u00e9elle et fantasm\u00e9e, un m\u00e9lange d\u2019Heroic Fantasy et de m\u00e9moire familiale. \u00c0 travers la photographie, le dessin et l'objet, mon vocabulaire visuel tente de capturer l\u2019\u00e9cho d\u2019un monde ancien et myst\u00e9rieux, o\u00f9 chaque trait est un fragment d'imaginaire.<\/pre>\n<\/div>\n\n\n\n<div class=\"wp-block-column is-layout-flow wp-block-column-is-layout-flow\">\n<pre class=\"wp-block-preformatted has-medium-font-size\">(CADRES)<\/pre>\n\n\n\n<pre class=\"wp-block-preformatted has-small-font-size\">\u00c0 la fois directeur de la photo et sc\u00e9nographe (formation aux Arts d\u00e9coratifs de Strasbourg), je consid\u00e8re la cam\u00e9ra comme un outil th\u00e9\u00e2tral. Mon approche, r\u00e9sum\u00e9e par \u2018Photographie = Sc\u00e9nographie\u2019, questionne la notion du cadre dans sa globalit\u00e9, du point de vue \u00e0 la fois physique et conceptuel.<br><br>Les projets que j'ai mis en image, qu\u2019il s\u2019agisse de courts-m\u00e9trages ou de s\u00e9ries photographiques, visent \u00e0 emmener l\u2019image vers le statut de sc\u00e8ne th\u00e9\u00e2trale. Ainsi, mes travaux photo sont chacun le point de d\u00e9part d'une r\u00e9flexion profonde sur leur encadrement, afin que ce dernier soit le plus personnalis\u00e9 possible, et que sa dramaturgie puisse m\u00eame pr\u00e9dominer sur celle du contenu de la photo. Comme le disait Marshall McLuhan, \u2018medium is the message\u2019.<\/pre>\n<\/div>\n\n\n\n<div class=\"wp-block-column is-layout-flow wp-block-column-is-layout-flow\">\n<pre class=\"wp-block-preformatted has-medium-font-size\">(SYSTEMES)<\/pre>\n\n\n\n<pre class=\"wp-block-preformatted has-small-font-size\">J\u2019ai r\u00eav\u00e9 d\u2019un mot, \u201clabyrantin\u201d, qui pourrait \u00eatre un de mes statuts cr\u00e9atifs. Plut\u00f4t que des entreprises de \u00ab mise en sc\u00e8ne \u00bb, ou m\u00eame de \u00ab mise en image \u00bb, mon travail consiste beaucoup en une \u00ab mise en logique \u00bb.<br><br>Dans mon atelier, je passe la plupart de mon temps \u00e0 classer des objets, des id\u00e9es, des fragments de pens\u00e9e qui n\u2019ont pas forc\u00e9ment de lien. Pourtant, c\u2019est bien dans ce labyrinthe \u00ab organis\u00e9 \u00bb que je construis mes syst\u00e8mes de contraintes cr\u00e9atives, qui permettent la cr\u00e9ation d\u2019un univers naturel et coh\u00e9rent.<br>Bien qu'irrationnelles, ces logiques entre parenth\u00e8ses ne sont pas des logiques floues, comme on peut l\u2019entendre chez <em>Bernadette Bouchon-Meunier - La logique floue<\/em>, mais des \u00e9cosyst\u00e8mes fictifs o\u00f9 chaque \u00e9l\u00e9ment trouve sa place.<\/pre>\n<\/div>\n<\/div>\n\n\n\n<div style=\"height:100px\" aria-hidden=\"true\" class=\"wp-block-spacer\"><\/div>\n\n\n\n<p><\/p>\n","protected":false},"excerpt":{"rendered":"<p>(TRACES) Je suis Arno Zhao, artiste plasticien et vid\u00e9aste transdisciplinaire. Sous mes traits europ\u00e9ens, et bien que je ne sois chinois qu\u2019\u00e0 moiti\u00e9, j\u2019ai en partie grandi en Mandchourie, o\u00f9 j\u2019ai d\u2019abord \u00e9crit en mandarin avant le fran\u00e7ais. Cette \u00e9criture premi\u00e8re, a ancr\u00e9 en moi la fascination pour les signes et les langages graphiques.Mon pseudonyme, [&hellip;]<\/p>\n","protected":false},"author":1,"featured_media":0,"parent":0,"menu_order":0,"comment_status":"closed","ping_status":"closed","template":"principal-3","meta":{"footnotes":""},"class_list":["post-48","page","type-page","status-publish","hentry"],"_links":{"self":[{"href":"https:\/\/arnozhao.com\/index.php\/wp-json\/wp\/v2\/pages\/48","targetHints":{"allow":["GET"]}}],"collection":[{"href":"https:\/\/arnozhao.com\/index.php\/wp-json\/wp\/v2\/pages"}],"about":[{"href":"https:\/\/arnozhao.com\/index.php\/wp-json\/wp\/v2\/types\/page"}],"author":[{"embeddable":true,"href":"https:\/\/arnozhao.com\/index.php\/wp-json\/wp\/v2\/users\/1"}],"replies":[{"embeddable":true,"href":"https:\/\/arnozhao.com\/index.php\/wp-json\/wp\/v2\/comments?post=48"}],"version-history":[{"count":52,"href":"https:\/\/arnozhao.com\/index.php\/wp-json\/wp\/v2\/pages\/48\/revisions"}],"predecessor-version":[{"id":1904,"href":"https:\/\/arnozhao.com\/index.php\/wp-json\/wp\/v2\/pages\/48\/revisions\/1904"}],"wp:attachment":[{"href":"https:\/\/arnozhao.com\/index.php\/wp-json\/wp\/v2\/media?parent=48"}],"curies":[{"name":"wp","href":"https:\/\/api.w.org\/{rel}","templated":true}]}}